{"id":9,"date":"2025-10-16T08:23:17","date_gmt":"2025-10-16T06:23:17","guid":{"rendered":"https:\/\/2025.bahiaconnection.de\/?page_id=9"},"modified":"2025-10-30T15:09:27","modified_gmt":"2025-10-30T14:09:27","slug":"ueber-uns","status":"publish","type":"page","link":"https:\/\/bahiaconnection.de\/?page_id=9","title":{"rendered":"\u00dcber uns"},"content":{"rendered":"\n<div class=\"wp-block-cover alignfull\" style=\"min-height:320px;aspect-ratio:unset;\"><span aria-hidden=\"true\" class=\"wp-block-cover__background has-nv-site-bg-background-color has-background-dim-100 has-background-dim\"><\/span><div class=\"wp-block-cover__inner-container is-layout-flow wp-block-cover-is-layout-flow\">\n<div class=\"wp-block-group\" style=\"padding-right:var(--wp--preset--spacing--30);padding-left:var(--wp--preset--spacing--30)\"><div class=\"wp-block-group__inner-container is-layout-flow wp-block-group-is-layout-flow\">\n<h1 class=\"wp-block-heading has-text-align-left has-neve-text-color-color has-text-color\">\u00dcber uns<\/h1>\n<\/div><\/div>\n<\/div><\/div>\n\n\n\n<div class=\"wp-block-cover alignfull\" style=\"min-height:600px;aspect-ratio:unset;\"><span aria-hidden=\"true\" class=\"wp-block-cover__background has-nv-light-bg-background-color has-background-dim-100 has-background-dim\"><\/span><div class=\"wp-block-cover__inner-container is-layout-flow wp-block-cover-is-layout-flow\">\n<div class=\"wp-block-group\"><div class=\"wp-block-group__inner-container is-layout-flow wp-block-group-is-layout-flow\">\n<div style=\"height:80px\" aria-hidden=\"true\" class=\"wp-block-spacer\"><\/div>\n\n\n\n<div class=\"wp-block-columns are-vertically-aligned-center has-neve-text-color-color has-text-color is-layout-flex wp-container-core-columns-is-layout-8f761849 wp-block-columns-is-layout-flex\">\n<div class=\"wp-block-column is-vertically-aligned-center is-layout-flow wp-block-column-is-layout-flow\" style=\"padding-top:0;padding-right:var(--wp--preset--spacing--30);padding-bottom:0;padding-left:var(--wp--preset--spacing--30);flex-basis:50%\">\n<h2 class=\"wp-block-heading has-neve-text-color-color has-text-color\">Our Story<\/h2>\n\n\n\n<h2 class=\"wp-block-heading has-neve-text-color-color has-text-color\">Am Anfang war ein Traum\u2026..<\/h2>\n\n\n\n<p class=\"wp-block-paragraph\">Mein Traum, dass Sambagruppen, die den Rhythmen der Afro Blocos aus Bahia verbunden sind, zu<br>verschiedenen Gelegenheiten (Festivals, Encontros), zusammen spielen k\u00f6nnen. Dieser Traum hat<br>sich in einer von mir nicht erwarteten Weise erf\u00fcllt. Danke euch allen, die bei der Erf\u00fcllung dieses<br>Traumes dabei sind.<br>Volker Conrath; www.blocoexplosao.de<\/p>\n\n\n\n<p class=\"wp-block-paragraph\">Start f\u00fcr die BC \u00fcber Facebook war September 2013. In 2014 kam die BC France dazu, 2015 die BC Holland, 2017 die BC Belgien. In der Folgezeit sind verschiedene regionale Gruppen in Deutschland gegr\u00fcndet worden. In Ulm, Freiburg, im Raum Hamburg, Bonn und Berlin werden die<br>Rhythmen regelm\u00e4\u00dfig gespielt. F\u00fcr einen Workshop waren wir 2019 in Moskau. In Spanien gibt es auch starkes Interesse, aber angefangen mit der \u201eCorona Krise\u201c stockt die weitere Verbreitung der BC vor allem im Osten..<\/p>\n\n\n\n<p class=\"wp-block-paragraph\">Vor der Gr\u00fcndung gab es beim Samba-Syndrom in Berlin Workshops mit den Mestres der bekantesten Blocos Afro, Il\u00ea Aiy\u00ea, Olodum, Muzenza und Mal\u00ea de Bal\u00ea. Einige dieser Mestres kommen immer wieder nach Europa und befruchten die Szene nachhaltig. Arrangements und Grooves aus diesen Workshops sind die musikalische Grundlage f\u00fcr die BC.Rhythmen, die wir spielen (alle von Gruppenleitern der BC arrangiert)<\/p>\n\n\n\n<ul class=\"wp-block-list\">\n<li>Aluj\u00e1 Xango, traditionell<\/li>\n\n\n\n<li>Merengue<\/li>\n\n\n\n<li>Samba Reggae von Olodum<\/li>\n\n\n\n<li>Forrodum von Olodum<\/li>\n\n\n\n<li>.Mambo von Muzenza<\/li>\n\n\n\n<li>,Mal\u00ea Medley von Mal\u00ea de Bal\u00ea<\/li>\n\n\n\n<li>Afro Samba 1 und 2 von Il\u00ea Aiy\u00ea<\/li>\n\n\n\n<li> Medley mit neuen Grooves von Olodum<\/li>\n\n\n\n<li>Cortejo Afro<\/li>\n<\/ul>\n\n\n\n<p class=\"wp-block-paragraph\">2019 besprach man neue Konzepte, die auf dem gro\u00dfen Jahrestreffen 2020 in Xanten umgesetzt werden sollten. Leider wurde durch die Pandemie von Covid 19 (Corona) ein Strich durch die Rechnung gemacht und die Auftritte auf der Sambanale und dem Sambafestival in Coburg konnten nicht stattfinden.<\/p>\n\n\n\n<p class=\"wp-block-paragraph\"><br>Mittlerweile haben sich alle Regionalgruppen wieder formieren k\u00f6nnen und haben mit dieser Saison wieder Fahrt aufgenommen.<br>Das Jahrestreffen wird in 2024 alle Rekorde mit 110 Teilnehmern brechen.<br>Ebenso k\u00f6nnen wir uns mit unseren \u00fcber 300 registreierten Mitspielern in mehr als 3 L\u00e4ndern an 10 Standorten zu einem der gr\u00f6\u00dften Verb\u00e4nde in der Samba Szene Europas z\u00e4hlen<br><\/p>\n\n\n\n<h2 class=\"wp-block-heading\">Regelm\u00e4\u00dfige Treffen und Workshops<\/h2>\n\n\n\n<p class=\"wp-block-paragraph\">Jedes Jahr im April gibt es ein gro\u00dfes Treffen f\u00fcr die BC Spieler. Dort werden die Rhythmen<br>gespielt und auf Choreografie und die Technik der Instrumente geachtet. Nat\u00fcrlich ist das Ganze<br>auch eine gro\u00dfe Party unter Gleichgesinnten.<br>Dar\u00fcber hinaus gibt es auch regionale Treffen und Workshops. Im Dezember ein Treffen mit der<br>\u201eBanda do Norte\u201c aus dem Raum Hamburg. Die BC S\u00fcd organisiert im August einen Workshop in<br>Ottobeuren (Allg\u00e4u). In Berlin (BC Ost) findet der Karneval der Kulturen mit Bloco Explosao statt und in Bonn (BC West) \/hat sich der Rosenmontagszug etabliert.<\/p>\n\n\n\n<h2 class=\"wp-block-heading\">Sessions und Auftritte der BC<\/h2>\n\n\n\n<p class=\"wp-block-paragraph\">-Karneval in Bonn, Februar\/M\u00e4rz<br>-Karneval der Kulturen, Berlin, gro\u00dfe Parade; Mai\/Juni<br>-Sambafestival Coburg ; Juli<br>-Sambafestival Nijmegen (NL); September<br>auch f\u00fcr 2026 ergeben sich einige \u00c4nderungen zu den traditionellen Terminen. Einige Veranstaltungen finden nicht mehr statt, oder finden nicht mehr in ihrer gewohnten Form statt. Wir suchen neue Termine f\u00fcr euch.<br>Ihr findet alle Termine in unserem Kalender auf der Startseite<br>Es gibt auch diverse regionale Auftritte der BC und regen Austausch der Gruppen untereinander.<\/p>\n\n\n\n<h2 class=\"wp-block-heading\">BC mit Alafin:<\/h2>\n\n\n\n<p class=\"wp-block-paragraph\"><br>2018 hatten wir bei unserem Jahrestreffen mit Alafin (ehemals S\u00e4nger von Mal\u00ea,) angefangen, ein<br>Programm mit Gesang einzustudieren:<\/p>\n\n\n\n<p class=\"wp-block-paragraph\">https:\/\/www.youtube.com\/watch?v=aZh3ZANhtog<br>https:\/\/www.youtube.com\/watch?v=yvUhon6PCs4<br>https:\/\/www.youtube.com\/watch?v=eMeMseW0PvE<br>Dies haben wir 2023 mit gro\u00dfer Begeisterung aller Teilnehmer wiederholt.<\/p>\n\n\n\n<h2 class=\"wp-block-heading\">BC mit Nego D\u00f3 <\/h2>\n\n\n\n<p class=\"wp-block-paragraph\">Beim Jahrestreffen 2024 und 2025 \u00fcbernahm Nego D\u00f3 das Musikprogramm mit Gesang bei der Bahia Connection in der Abendveranstaltung mit Party.<\/p>\n\n\n\n<p class=\"has-neve-text-color-color has-text-color wp-block-paragraph\">Informiert euch auch gerne zu:<br>Leitbild der Bahia Connection: Kompromisslose Positionierung gegen Diskriminierung und Extremismus<\/p>\n<\/div>\n<\/div>\n\n\n\n<div style=\"height:40px\" aria-hidden=\"true\" class=\"wp-block-spacer\"><\/div>\n<\/div><\/div>\n<\/div><\/div>\n","protected":false},"excerpt":{"rendered":"","protected":false},"author":1,"featured_media":0,"parent":0,"menu_order":0,"comment_status":"closed","ping_status":"closed","template":"","meta":{"_crdt_document":"","neve_meta_sidebar":"","neve_meta_container":"","neve_meta_enable_content_width":"on","neve_meta_content_width":100,"neve_meta_title_alignment":"","neve_meta_author_avatar":"","neve_post_elements_order":"","neve_meta_disable_header":"","neve_meta_disable_footer":"","neve_meta_disable_title":"on","footnotes":""},"class_list":["post-9","page","type-page","status-publish","hentry"],"_links":{"self":[{"href":"https:\/\/bahiaconnection.de\/index.php?rest_route=\/wp\/v2\/pages\/9","targetHints":{"allow":["GET"]}}],"collection":[{"href":"https:\/\/bahiaconnection.de\/index.php?rest_route=\/wp\/v2\/pages"}],"about":[{"href":"https:\/\/bahiaconnection.de\/index.php?rest_route=\/wp\/v2\/types\/page"}],"author":[{"embeddable":true,"href":"https:\/\/bahiaconnection.de\/index.php?rest_route=\/wp\/v2\/users\/1"}],"replies":[{"embeddable":true,"href":"https:\/\/bahiaconnection.de\/index.php?rest_route=%2Fwp%2Fv2%2Fcomments&post=9"}],"version-history":[{"count":4,"href":"https:\/\/bahiaconnection.de\/index.php?rest_route=\/wp\/v2\/pages\/9\/revisions"}],"predecessor-version":[{"id":217,"href":"https:\/\/bahiaconnection.de\/index.php?rest_route=\/wp\/v2\/pages\/9\/revisions\/217"}],"wp:attachment":[{"href":"https:\/\/bahiaconnection.de\/index.php?rest_route=%2Fwp%2Fv2%2Fmedia&parent=9"}],"curies":[{"name":"wp","href":"https:\/\/api.w.org\/{rel}","templated":true}]}}